{"id":3504,"date":"2021-02-03T22:54:23","date_gmt":"2021-02-03T22:54:23","guid":{"rendered":"http:\/\/temptationsbite.com\/?page_id=3504"},"modified":"2025-08-06T03:11:39","modified_gmt":"2025-08-06T03:11:39","slug":"about-us","status":"publish","type":"page","link":"https:\/\/temptationsbite.com\/es\/about-us\/","title":{"rendered":"Nosotras"},"content":{"rendered":"<div data-elementor-type=\"wp-page\" data-elementor-id=\"3504\" class=\"elementor elementor-3504\">\n\t\t\t\t\t\t<section class=\"elementor-section elementor-top-section elementor-element elementor-element-47499dc3 elementor-section-boxed elementor-section-height-default elementor-section-height-default\" data-id=\"47499dc3\" data-element_type=\"section\">\n\t\t\t\t\t\t<div class=\"elementor-container elementor-column-gap-default\">\n\t\t\t\t\t<div class=\"elementor-column elementor-col-100 elementor-top-column elementor-element elementor-element-697d0ad6\" data-id=\"697d0ad6\" data-element_type=\"column\">\n\t\t\t<div class=\"elementor-widget-wrap elementor-element-populated\">\n\t\t\t\t\t\t<div class=\"elementor-element elementor-element-187e546c elementor-widget elementor-widget-text-editor\" data-id=\"187e546c\" data-element_type=\"widget\" data-widget_type=\"text-editor.default\">\n\t\t\t\t<div class=\"elementor-widget-container\">\n\t\t\t\t\t\t\t\t\t\n<h1 class=\"gb-headline gb-headline-a2e13791 gb-headline-text hi-about special-text\">Somos Nora y Melissa<\/h1>\n\n<h1 class=\"gb-headline gb-headline-f7430c46 gb-headline-text texto-cuadro\">Venezolanas viviendo en Texas.<br \/>Nacimos para hacer realidad nuestros sue\u00f1os, fieles creyentes de que nada es imposible y que nunca es tarde para aprender lo que nos apasiona.<br \/>Por eso se cre\u00f3 este hermoso proyecto llamado Temptation's Bite.<\/h1>\n\n<div class=\"wp-block-image\">\n<figure class=\"aligncenter size-full is-resized\"><img fetchpriority=\"high\" decoding=\"async\" class=\"wp-image-4559\" src=\"https:\/\/temptationsbite.com\/wp-content\/uploads\/2021\/11\/ambas.png\" alt=\"\" width=\"534\" height=\"482\" srcset=\"https:\/\/temptationsbite.com\/wp-content\/uploads\/2021\/11\/ambas.png 712w, https:\/\/temptationsbite.com\/wp-content\/uploads\/2021\/11\/ambas-300x271.png 300w, https:\/\/temptationsbite.com\/wp-content\/uploads\/2021\/11\/ambas-13x12.png 13w\" sizes=\"(max-width: 534px) 100vw, 534px\" \/><\/figure>\n<\/div>\n\n<p>\u00a0<\/p>\n\n<div class=\"wp-block-columns are-vertically-aligned-center subscribe-contenedor limit-size another-color is-layout-flex wp-container-core-columns-is-layout-9d6595d7 wp-block-columns-is-layout-flex\">\n<div class=\"wp-block-column is-vertically-aligned-center block-margin is-layout-flow wp-block-column-is-layout-flow\">\n<div class=\"wp-block-image norespon\">\n<figure class=\"aligncenter size-full is-resized\"><img decoding=\"async\" class=\"wp-image-4560\" src=\"https:\/\/temptationsbite.com\/wp-content\/uploads\/2021\/11\/nora.png\" alt=\"\" width=\"410\" height=\"388\" srcset=\"https:\/\/temptationsbite.com\/wp-content\/uploads\/2021\/11\/nora.png 673w, https:\/\/temptationsbite.com\/wp-content\/uploads\/2021\/11\/nora-300x285.png 300w, https:\/\/temptationsbite.com\/wp-content\/uploads\/2021\/11\/nora-13x12.png 13w\" sizes=\"(max-width: 410px) 100vw, 410px\" \/><\/figure>\n<\/div>\n\n<p>\u00a0<\/p>\n<\/div>\n\n<div class=\"wp-block-column is-vertically-aligned-center is-layout-flow wp-block-column-is-layout-flow\">\n<h1 class=\"gb-headline gb-headline-6dacb279 gb-headline-text special-text\">\u00a1Hola!, Soy Nora<\/h1>\n\n<h1 class=\"gb-headline gb-headline-35a0e791 gb-headline-text texto-cuadro\">Chef, con m\u00e1s de 20 a\u00f1os de experiencia en cocina, he sido due\u00f1a de un asador y una empresa de catering en mi pa\u00eds. Me encanta mucho cocinar, hacer platos diferentes para mi familia e invitados es lo que m\u00e1s disfruto, pero de todo este hermoso arte lo que m\u00e1s me ha fascinado es hacer un BUEN PAN.<\/h1>\n\n<p>\u00a0<\/p>\n<\/div>\n<\/div>\n\n<div class=\"wp-block-columns are-vertically-aligned-center subscribe-contenedor limit-size another-color is-layout-flex wp-container-core-columns-is-layout-9d6595d7 wp-block-columns-is-layout-flex\">\n<div class=\"wp-block-column is-vertically-aligned-center block-margin is-layout-flow wp-block-column-is-layout-flow\">\n<div class=\"wp-block-image respon\">\n<figure class=\"aligncenter size-full is-resized\"><img decoding=\"async\" class=\"wp-image-4560\" src=\"http:\/\/temptationsbite.com\/wp-content\/uploads\/2021\/11\/nora.png\" alt=\"\" width=\"400\" height=\"379\" srcset=\"https:\/\/temptationsbite.com\/wp-content\/uploads\/2021\/11\/nora.png 673w, https:\/\/temptationsbite.com\/wp-content\/uploads\/2021\/11\/nora-300x285.png 300w, https:\/\/temptationsbite.com\/wp-content\/uploads\/2021\/11\/nora-13x12.png 13w\" sizes=\"(max-width: 400px) 100vw, 400px\" \/><\/figure>\n<\/div>\n\n<p>\u00a0<\/p>\n<\/div>\n\n<div class=\"wp-block-column is-vertically-aligned-center is-layout-flow wp-block-column-is-layout-flow\">\n<p>\u00a0<\/p>\n<\/div>\n<\/div>\n\n<div class=\"wp-block-columns are-vertically-aligned-center subscribe-contenedor limit-size column-right is-layout-flex wp-container-core-columns-is-layout-9d6595d7 wp-block-columns-is-layout-flex\">\n<div class=\"wp-block-column is-vertically-aligned-center block-margin is-layout-flow wp-block-column-is-layout-flow\">\n<h1 class=\"gb-headline gb-headline-f22c6861 gb-headline-text special-text\">\u00a1Hola!, Soy Melissa<\/h1>\n\n<h1 class=\"gb-headline gb-headline-6f33d106 gb-headline-text texto-cuadro\">Madre de 2 hijos, hija de Nora, amante de los animales, estudiante de fotograf\u00eda gastron\u00f3mica, me encanta hacer deporte. Soy la persona detr\u00e1s de las redes sociales y la que tiene contacto directo con todos ustedes. Enamorada de este proyecto llamado Temptation's Bite y comprometida como mi mam\u00e1 con todos ustedes para que tengan todo el conocimiento de lo que es hacer un BUEN PAN.<\/h1>\n\n<p>\u00a0<\/p>\n<\/div>\n\n<div class=\"wp-block-column is-vertically-aligned-center is-layout-flow wp-block-column-is-layout-flow\">\n<div class=\"wp-block-image\">\n<figure class=\"aligncenter size-large is-resized\"><img loading=\"lazy\" decoding=\"async\" class=\"wp-image-4591\" src=\"http:\/\/temptationsbite.com\/wp-content\/uploads\/2021\/11\/melisa-820x1024.jpg\" alt=\"\" width=\"410\" height=\"512\" srcset=\"https:\/\/temptationsbite.com\/wp-content\/uploads\/2021\/11\/melisa-820x1024.jpg 820w, https:\/\/temptationsbite.com\/wp-content\/uploads\/2021\/11\/melisa-240x300.jpg 240w, https:\/\/temptationsbite.com\/wp-content\/uploads\/2021\/11\/melisa-768x960.jpg 768w, https:\/\/temptationsbite.com\/wp-content\/uploads\/2021\/11\/melisa-1229x1536.jpg 1229w, https:\/\/temptationsbite.com\/wp-content\/uploads\/2021\/11\/melisa-10x12.jpg 10w, https:\/\/temptationsbite.com\/wp-content\/uploads\/2021\/11\/melisa.jpg 1639w\" sizes=\"(max-width: 410px) 100vw, 410px\" \/><\/figure>\n<\/div>\n<\/div>\n<\/div>\n\n<div class=\"wp-block-columns is-layout-flex wp-container-core-columns-is-layout-9d6595d7 wp-block-columns-is-layout-flex\">\n<div class=\"wp-block-column is-layout-flow wp-block-column-is-layout-flow\">\n<h1 class=\"gb-headline gb-headline-79284c0b gb-headline-text\">Gracias por acompa\u00f1arnos en este hermoso proyecto, sabemos que eres otro apasionado de este arte o simplemente quieres llevar tu conocimiento de la panader\u00eda a otro nivel, por eso te prometemos que te ayudaremos a hacer hermosos y deliciosos panes.<\/h1>\n\n<h1 class=\"gb-headline gb-headline-0fcb1987 gb-headline-text special-text-2\">Buon Appetito!<\/h1>\n\n<p>\u00a0<\/p>\n<\/div>\n<\/div>\n\n<p>\u00a0<\/p>\n\t\t\t\t\t\t\t\t<\/div>\n\t\t\t\t<\/div>\n\t\t\t\t\t<\/div>\n\t\t<\/div>\n\t\t\t\t\t<\/div>\n\t\t<\/section>\n\t\t\t\t<\/div>","protected":false},"excerpt":{"rendered":"<p>We are Nora and Melissa Venezuelan, living in Texas.We were born to make our dreams come true, faithful believers that nothing is impossible and that it is never too late to learn what we are passionate about.That is why this lovely project called Temptation&#8217;s Bite was created. \u00a0 \u00a0 Hi!, I am Nora Chef, with &#8230; <a title=\"Nosotras\" class=\"read-more\" href=\"https:\/\/temptationsbite.com\/es\/about-us\/\" aria-label=\"Leer m\u00e1s sobre About us\">Leer m\u00e1s<\/a><\/p>","protected":false},"author":1,"featured_media":0,"parent":0,"menu_order":0,"comment_status":"closed","ping_status":"closed","template":"","meta":{"footnotes":""},"class_list":["post-3504","page","type-page","status-publish"],"_links":{"self":[{"href":"https:\/\/temptationsbite.com\/es\/wp-json\/wp\/v2\/pages\/3504","targetHints":{"allow":["GET"]}}],"collection":[{"href":"https:\/\/temptationsbite.com\/es\/wp-json\/wp\/v2\/pages"}],"about":[{"href":"https:\/\/temptationsbite.com\/es\/wp-json\/wp\/v2\/types\/page"}],"author":[{"embeddable":true,"href":"https:\/\/temptationsbite.com\/es\/wp-json\/wp\/v2\/users\/1"}],"replies":[{"embeddable":true,"href":"https:\/\/temptationsbite.com\/es\/wp-json\/wp\/v2\/comments?post=3504"}],"version-history":[{"count":0,"href":"https:\/\/temptationsbite.com\/es\/wp-json\/wp\/v2\/pages\/3504\/revisions"}],"wp:attachment":[{"href":"https:\/\/temptationsbite.com\/es\/wp-json\/wp\/v2\/media?parent=3504"}],"curies":[{"name":"wp","href":"https:\/\/api.w.org\/{rel}","templated":true}]}}